{"id":1109,"date":"2024-03-05T12:32:46","date_gmt":"2024-03-05T15:32:46","guid":{"rendered":"https:\/\/diskfestaseeventos.com.br\/?page_id=1109"},"modified":"2025-12-11T19:12:49","modified_gmt":"2025-12-11T22:12:49","slug":"buffet-kids","status":"publish","type":"page","link":"https:\/\/diskfestaseeventos.com.br\/index.php\/buffet-kids\/","title":{"rendered":"Buffet Kids"},"content":{"rendered":"\t\t<div data-elementor-type=\"wp-page\" data-elementor-id=\"1109\" class=\"elementor elementor-1109\" data-elementor-post-type=\"page\">\n\t\t\t\t\t\t<section class=\"elementor-section elementor-top-section elementor-element elementor-element-bb2ddec elementor-section-content-middle elementor-reverse-mobile elementor-section-boxed elementor-section-height-default elementor-section-height-default\" data-id=\"bb2ddec\" data-element_type=\"section\" data-settings=\"{&quot;jet_parallax_layout_list&quot;:[]}\">\n\t\t\t\t\t\t<div class=\"elementor-container elementor-column-gap-default\">\n\t\t\t\t\t<div class=\"elementor-column elementor-col-50 elementor-top-column elementor-element elementor-element-5a27159\" data-id=\"5a27159\" data-element_type=\"column\">\n\t\t\t<div class=\"elementor-widget-wrap elementor-element-populated\">\n\t\t\t\t\t\t<div class=\"elementor-element elementor-element-2f0aede elementor-widget elementor-widget-heading\" data-id=\"2f0aede\" data-element_type=\"widget\" data-widget_type=\"heading.default\">\n\t\t\t\t<div class=\"elementor-widget-container\">\n\t\t\t\t\t<h3 class=\"elementor-heading-title elementor-size-default\">Buffet Kids:\n<\/h3>\t\t\t\t<\/div>\n\t\t\t\t<\/div>\n\t\t\t\t<div class=\"elementor-element elementor-element-b34ee95 elementor-widget elementor-widget-text-editor\" data-id=\"b34ee95\" data-element_type=\"widget\" data-widget_type=\"text-editor.default\">\n\t\t\t\t<div class=\"elementor-widget-container\">\n\t\t\t\t\t\t\t\t\t<p>Nosso servi\u00e7o de buffet Kids \u00e9 projetado para encantar as crian\u00e7as e seus convidados, oferecendo uma experi\u00eancia gastron\u00f4mica divertida e saud\u00e1vel. Com uma variedade de op\u00e7\u00f5es coloridas e deliciosas, desde mini sandu\u00edches e frutas frescas at\u00e9 petiscos criativos e sobremesas divertidas, garantimos que as crian\u00e7as v\u00e3o adorar cada mordida. Al\u00e9m disso, proporcionamos uma atmosfera l\u00fadica com decora\u00e7\u00f5es tem\u00e1ticas e atividades interativas, como pintura facial e brincadeiras, garantindo que os pequenos se divirtam ao m\u00e1ximo em seu evento.<\/p>\t\t\t\t\t\t\t\t<\/div>\n\t\t\t\t<\/div>\n\t\t\t\t<div class=\"elementor-element elementor-element-a313aa0 elementor-align-left elementor-widget elementor-widget-button\" data-id=\"a313aa0\" data-element_type=\"widget\" data-widget_type=\"button.default\">\n\t\t\t\t<div class=\"elementor-widget-container\">\n\t\t\t\t\t\t\t\t\t<div class=\"elementor-button-wrapper\">\n\t\t\t\t\t<a class=\"elementor-button elementor-button-link elementor-size-sm\" href=\"http:\/\/wa.me\/5511978415881\" target=\"_blank\">\n\t\t\t\t\t\t<span class=\"elementor-button-content-wrapper\">\n\t\t\t\t\t\t\t\t\t<span class=\"elementor-button-text\">Solicitar Or\u00e7amento<\/span>\n\t\t\t\t\t<\/span>\n\t\t\t\t\t<\/a>\n\t\t\t\t<\/div>\n\t\t\t\t\t\t\t\t<\/div>\n\t\t\t\t<\/div>\n\t\t\t\t<div class=\"elementor-element elementor-element-40af203 elementor-widget elementor-widget-image\" data-id=\"40af203\" data-element_type=\"widget\" data-widget_type=\"image.default\">\n\t\t\t\t<div class=\"elementor-widget-container\">\n\t\t\t\t\t\t\t\t\t\t\t\t\t\t\t<img fetchpriority=\"high\" decoding=\"async\" width=\"576\" height=\"1024\" src=\"https:\/\/diskfestaseeventos.com.br\/wp-content\/uploads\/2025\/12\/WhatsApp-Image-2025-12-11-at-18.54.40-1-576x1024.jpeg\" class=\"attachment-large size-large wp-image-1369\" alt=\"\" srcset=\"https:\/\/diskfestaseeventos.com.br\/wp-content\/uploads\/2025\/12\/WhatsApp-Image-2025-12-11-at-18.54.40-1-576x1024.jpeg 576w, https:\/\/diskfestaseeventos.com.br\/wp-content\/uploads\/2025\/12\/WhatsApp-Image-2025-12-11-at-18.54.40-1-169x300.jpeg 169w, https:\/\/diskfestaseeventos.com.br\/wp-content\/uploads\/2025\/12\/WhatsApp-Image-2025-12-11-at-18.54.40-1.jpeg 720w\" sizes=\"(max-width: 576px) 100vw, 576px\" \/>\t\t\t\t\t\t\t\t\t\t\t\t\t\t\t<\/div>\n\t\t\t\t<\/div>\n\t\t\t\t\t<\/div>\n\t\t<\/div>\n\t\t\t\t<div class=\"elementor-column elementor-col-50 elementor-top-column elementor-element elementor-element-2bb13ee\" data-id=\"2bb13ee\" data-element_type=\"column\" data-settings=\"{&quot;background_background&quot;:&quot;classic&quot;}\">\n\t\t\t<div class=\"elementor-widget-wrap elementor-element-populated\">\n\t\t\t\t\t\t<div class=\"elementor-element elementor-element-caf3d3a elementor-widget elementor-widget-image\" data-id=\"caf3d3a\" data-element_type=\"widget\" data-widget_type=\"image.default\">\n\t\t\t\t<div class=\"elementor-widget-container\">\n\t\t\t\t\t\t\t\t\t\t\t\t\t\t\t<img fetchpriority=\"high\" decoding=\"async\" width=\"576\" height=\"1024\" src=\"https:\/\/diskfestaseeventos.com.br\/wp-content\/uploads\/2025\/12\/WhatsApp-Image-2025-12-11-at-18.54.40-1-576x1024.jpeg\" class=\"attachment-large size-large wp-image-1369\" alt=\"\" srcset=\"https:\/\/diskfestaseeventos.com.br\/wp-content\/uploads\/2025\/12\/WhatsApp-Image-2025-12-11-at-18.54.40-1-576x1024.jpeg 576w, https:\/\/diskfestaseeventos.com.br\/wp-content\/uploads\/2025\/12\/WhatsApp-Image-2025-12-11-at-18.54.40-1-169x300.jpeg 169w, https:\/\/diskfestaseeventos.com.br\/wp-content\/uploads\/2025\/12\/WhatsApp-Image-2025-12-11-at-18.54.40-1.jpeg 720w\" sizes=\"(max-width: 576px) 100vw, 576px\" \/>\t\t\t\t\t\t\t\t\t\t\t\t\t\t\t<\/div>\n\t\t\t\t<\/div>\n\t\t\t\t\t<\/div>\n\t\t<\/div>\n\t\t\t\t\t<\/div>\n\t\t<\/section>\n\t\t\t\t<section class=\"elementor-section elementor-top-section elementor-element elementor-element-4cc34f1 elementor-section-boxed elementor-section-height-default elementor-section-height-default\" data-id=\"4cc34f1\" data-element_type=\"section\" data-settings=\"{&quot;jet_parallax_layout_list&quot;:[]}\">\n\t\t\t\t\t\t<div class=\"elementor-container elementor-column-gap-default\">\n\t\t\t\t\t<div class=\"elementor-column elementor-col-100 elementor-top-column elementor-element elementor-element-ea06561\" data-id=\"ea06561\" data-element_type=\"column\">\n\t\t\t<div class=\"elementor-widget-wrap elementor-element-populated\">\n\t\t\t\t\t\t<div class=\"elementor-element elementor-element-a22b4a3 elementor-widget elementor-widget-gallery\" data-id=\"a22b4a3\" data-element_type=\"widget\" data-settings=\"{&quot;columns_mobile&quot;:2,&quot;aspect_ratio&quot;:&quot;9:16&quot;,&quot;lazyload&quot;:&quot;yes&quot;,&quot;gallery_layout&quot;:&quot;grid&quot;,&quot;columns&quot;:4,&quot;columns_tablet&quot;:2,&quot;gap&quot;:{&quot;unit&quot;:&quot;px&quot;,&quot;size&quot;:10,&quot;sizes&quot;:[]},&quot;gap_tablet&quot;:{&quot;unit&quot;:&quot;px&quot;,&quot;size&quot;:10,&quot;sizes&quot;:[]},&quot;gap_mobile&quot;:{&quot;unit&quot;:&quot;px&quot;,&quot;size&quot;:10,&quot;sizes&quot;:[]},&quot;link_to&quot;:&quot;file&quot;,&quot;overlay_background&quot;:&quot;yes&quot;,&quot;content_hover_animation&quot;:&quot;fade-in&quot;}\" data-widget_type=\"gallery.default\">\n\t\t\t\t<div class=\"elementor-widget-container\">\n\t\t\t\t\t\t\t<div class=\"elementor-gallery__container\">\n\t\t\t\t\t\t\t<a class=\"e-gallery-item elementor-gallery-item elementor-animated-content\" href=\"https:\/\/diskfestaseeventos.com.br\/wp-content\/uploads\/2024\/03\/WhatsApp-Image-2024-03-04-at-09.46.42-3.jpeg\" data-elementor-open-lightbox=\"yes\" data-elementor-lightbox-slideshow=\"a22b4a3\" data-elementor-lightbox-title=\"WhatsApp Image 2024-03-04 at 09.46.42 (3)\" data-e-action-hash=\"#elementor-action%3Aaction%3Dlightbox%26settings%3DeyJpZCI6MTE1NSwidXJsIjoiaHR0cHM6XC9cL2Rpc2tmZXN0YXNlZXZlbnRvcy5jb20uYnJcL3dwLWNvbnRlbnRcL3VwbG9hZHNcLzIwMjRcLzAzXC9XaGF0c0FwcC1JbWFnZS0yMDI0LTAzLTA0LWF0LTA5LjQ2LjQyLTMuanBlZyIsInNsaWRlc2hvdyI6ImEyMmI0YTMifQ%3D%3D\">\n\t\t\t\t\t<div class=\"e-gallery-image elementor-gallery-item__image\" data-thumbnail=\"https:\/\/diskfestaseeventos.com.br\/wp-content\/uploads\/2024\/03\/WhatsApp-Image-2024-03-04-at-09.46.42-3.jpeg\" data-width=\"782\" data-height=\"1280\" aria-label=\"\" role=\"img\" ><\/div>\n\t\t\t\t\t\t\t\t\t\t\t<div class=\"elementor-gallery-item__overlay\"><\/div>\n\t\t\t\t\t\t\t\t\t\t\t\t\t\t<\/a>\n\t\t\t\t\t\t\t<a class=\"e-gallery-item elementor-gallery-item elementor-animated-content\" href=\"https:\/\/diskfestaseeventos.com.br\/wp-content\/uploads\/2024\/03\/WhatsApp-Image-2024-03-04-at-09.46.43.jpeg\" data-elementor-open-lightbox=\"yes\" data-elementor-lightbox-slideshow=\"a22b4a3\" data-elementor-lightbox-title=\"WhatsApp Image 2024-03-04 at 09.46.43\" data-e-action-hash=\"#elementor-action%3Aaction%3Dlightbox%26settings%3DeyJpZCI6MTE1NCwidXJsIjoiaHR0cHM6XC9cL2Rpc2tmZXN0YXNlZXZlbnRvcy5jb20uYnJcL3dwLWNvbnRlbnRcL3VwbG9hZHNcLzIwMjRcLzAzXC9XaGF0c0FwcC1JbWFnZS0yMDI0LTAzLTA0LWF0LTA5LjQ2LjQzLmpwZWciLCJzbGlkZXNob3ciOiJhMjJiNGEzIn0%3D\">\n\t\t\t\t\t<div class=\"e-gallery-image elementor-gallery-item__image\" data-thumbnail=\"https:\/\/diskfestaseeventos.com.br\/wp-content\/uploads\/2024\/03\/WhatsApp-Image-2024-03-04-at-09.46.43.jpeg\" data-width=\"958\" data-height=\"1280\" aria-label=\"\" role=\"img\" ><\/div>\n\t\t\t\t\t\t\t\t\t\t\t<div class=\"elementor-gallery-item__overlay\"><\/div>\n\t\t\t\t\t\t\t\t\t\t\t\t\t\t<\/a>\n\t\t\t\t\t\t\t<a class=\"e-gallery-item elementor-gallery-item elementor-animated-content\" href=\"https:\/\/diskfestaseeventos.com.br\/wp-content\/uploads\/2024\/03\/WhatsApp-Image-2024-03-04-at-09.46.41-2.jpeg\" data-elementor-open-lightbox=\"yes\" data-elementor-lightbox-slideshow=\"a22b4a3\" data-elementor-lightbox-title=\"WhatsApp Image 2024-03-04 at 09.46.41 (2)\" data-e-action-hash=\"#elementor-action%3Aaction%3Dlightbox%26settings%3DeyJpZCI6MTE1MSwidXJsIjoiaHR0cHM6XC9cL2Rpc2tmZXN0YXNlZXZlbnRvcy5jb20uYnJcL3dwLWNvbnRlbnRcL3VwbG9hZHNcLzIwMjRcLzAzXC9XaGF0c0FwcC1JbWFnZS0yMDI0LTAzLTA0LWF0LTA5LjQ2LjQxLTIuanBlZyIsInNsaWRlc2hvdyI6ImEyMmI0YTMifQ%3D%3D\">\n\t\t\t\t\t<div class=\"e-gallery-image elementor-gallery-item__image\" data-thumbnail=\"https:\/\/diskfestaseeventos.com.br\/wp-content\/uploads\/2024\/03\/WhatsApp-Image-2024-03-04-at-09.46.41-2.jpeg\" data-width=\"902\" data-height=\"1280\" aria-label=\"\" role=\"img\" ><\/div>\n\t\t\t\t\t\t\t\t\t\t\t<div class=\"elementor-gallery-item__overlay\"><\/div>\n\t\t\t\t\t\t\t\t\t\t\t\t\t\t<\/a>\n\t\t\t\t\t\t\t<a class=\"e-gallery-item elementor-gallery-item elementor-animated-content\" href=\"https:\/\/diskfestaseeventos.com.br\/wp-content\/uploads\/2025\/12\/WhatsApp-Image-2025-12-11-at-19.09.32-1.jpeg\" data-elementor-open-lightbox=\"yes\" data-elementor-lightbox-slideshow=\"a22b4a3\" data-elementor-lightbox-title=\"WhatsApp Image 2025-12-11 at 19.09.32 (1)\" data-e-action-hash=\"#elementor-action%3Aaction%3Dlightbox%26settings%3DeyJpZCI6MTM3MSwidXJsIjoiaHR0cHM6XC9cL2Rpc2tmZXN0YXNlZXZlbnRvcy5jb20uYnJcL3dwLWNvbnRlbnRcL3VwbG9hZHNcLzIwMjVcLzEyXC9XaGF0c0FwcC1JbWFnZS0yMDI1LTEyLTExLWF0LTE5LjA5LjMyLTEuanBlZyIsInNsaWRlc2hvdyI6ImEyMmI0YTMifQ%3D%3D\">\n\t\t\t\t\t<div class=\"e-gallery-image elementor-gallery-item__image\" data-thumbnail=\"https:\/\/diskfestaseeventos.com.br\/wp-content\/uploads\/2025\/12\/WhatsApp-Image-2025-12-11-at-19.09.32-1.jpeg\" data-width=\"488\" data-height=\"1032\" aria-label=\"\" role=\"img\" ><\/div>\n\t\t\t\t\t\t\t\t\t\t\t<div class=\"elementor-gallery-item__overlay\"><\/div>\n\t\t\t\t\t\t\t\t\t\t\t\t\t\t<\/a>\n\t\t\t\t\t\t\t<a class=\"e-gallery-item elementor-gallery-item elementor-animated-content\" href=\"https:\/\/diskfestaseeventos.com.br\/wp-content\/uploads\/2025\/12\/WhatsApp-Image-2025-12-11-at-19.09.32.jpeg\" data-elementor-open-lightbox=\"yes\" data-elementor-lightbox-slideshow=\"a22b4a3\" data-elementor-lightbox-title=\"WhatsApp Image 2025-12-11 at 19.09.32\" data-e-action-hash=\"#elementor-action%3Aaction%3Dlightbox%26settings%3DeyJpZCI6MTM3MiwidXJsIjoiaHR0cHM6XC9cL2Rpc2tmZXN0YXNlZXZlbnRvcy5jb20uYnJcL3dwLWNvbnRlbnRcL3VwbG9hZHNcLzIwMjVcLzEyXC9XaGF0c0FwcC1JbWFnZS0yMDI1LTEyLTExLWF0LTE5LjA5LjMyLmpwZWciLCJzbGlkZXNob3ciOiJhMjJiNGEzIn0%3D\">\n\t\t\t\t\t<div class=\"e-gallery-image elementor-gallery-item__image\" data-thumbnail=\"https:\/\/diskfestaseeventos.com.br\/wp-content\/uploads\/2025\/12\/WhatsApp-Image-2025-12-11-at-19.09.32.jpeg\" data-width=\"648\" data-height=\"633\" aria-label=\"\" role=\"img\" ><\/div>\n\t\t\t\t\t\t\t\t\t\t\t<div class=\"elementor-gallery-item__overlay\"><\/div>\n\t\t\t\t\t\t\t\t\t\t\t\t\t\t<\/a>\n\t\t\t\t\t\t\t<a class=\"e-gallery-item elementor-gallery-item elementor-animated-content\" href=\"https:\/\/diskfestaseeventos.com.br\/wp-content\/uploads\/2025\/12\/WhatsApp-Image-2025-12-11-at-19.09.31.jpeg\" data-elementor-open-lightbox=\"yes\" data-elementor-lightbox-slideshow=\"a22b4a3\" data-elementor-lightbox-title=\"WhatsApp Image 2025-12-11 at 19.09.31\" data-e-action-hash=\"#elementor-action%3Aaction%3Dlightbox%26settings%3DeyJpZCI6MTM3MywidXJsIjoiaHR0cHM6XC9cL2Rpc2tmZXN0YXNlZXZlbnRvcy5jb20uYnJcL3dwLWNvbnRlbnRcL3VwbG9hZHNcLzIwMjVcLzEyXC9XaGF0c0FwcC1JbWFnZS0yMDI1LTEyLTExLWF0LTE5LjA5LjMxLmpwZWciLCJzbGlkZXNob3ciOiJhMjJiNGEzIn0%3D\">\n\t\t\t\t\t<div class=\"e-gallery-image elementor-gallery-item__image\" data-thumbnail=\"https:\/\/diskfestaseeventos.com.br\/wp-content\/uploads\/2025\/12\/WhatsApp-Image-2025-12-11-at-19.09.31.jpeg\" data-width=\"720\" data-height=\"617\" aria-label=\"\" role=\"img\" ><\/div>\n\t\t\t\t\t\t\t\t\t\t\t<div class=\"elementor-gallery-item__overlay\"><\/div>\n\t\t\t\t\t\t\t\t\t\t\t\t\t\t<\/a>\n\t\t\t\t\t<\/div>\n\t\t\t\t\t<\/div>\n\t\t\t\t<\/div>\n\t\t\t\t\t<\/div>\n\t\t<\/div>\n\t\t\t\t\t<\/div>\n\t\t<\/section>\n\t\t\t\t<\/div>\n\t\t","protected":false},"excerpt":{"rendered":"<p>Buffet Kids: Nosso servi\u00e7o de buffet Kids \u00e9 projetado para encantar as crian\u00e7as e seus convidados, oferecendo uma experi\u00eancia gastron\u00f4mica divertida e saud\u00e1vel. Com uma variedade de op\u00e7\u00f5es coloridas e deliciosas, desde mini sandu\u00edches e frutas frescas at\u00e9 petiscos criativos e sobremesas divertidas, garantimos que as crian\u00e7as v\u00e3o adorar cada mordida. Al\u00e9m disso, proporcionamos uma &#8230; <a title=\"Buffet Kids\" class=\"read-more\" href=\"https:\/\/diskfestaseeventos.com.br\/index.php\/buffet-kids\/\" aria-label=\"Read more about Buffet Kids\">Ler mais<\/a><\/p>\n","protected":false},"author":1,"featured_media":0,"parent":0,"menu_order":0,"comment_status":"closed","ping_status":"closed","template":"elementor_header_footer","meta":{"footnotes":""},"class_list":["post-1109","page","type-page","status-publish"],"_links":{"self":[{"href":"https:\/\/diskfestaseeventos.com.br\/index.php\/wp-json\/wp\/v2\/pages\/1109","targetHints":{"allow":["GET"]}}],"collection":[{"href":"https:\/\/diskfestaseeventos.com.br\/index.php\/wp-json\/wp\/v2\/pages"}],"about":[{"href":"https:\/\/diskfestaseeventos.com.br\/index.php\/wp-json\/wp\/v2\/types\/page"}],"author":[{"embeddable":true,"href":"https:\/\/diskfestaseeventos.com.br\/index.php\/wp-json\/wp\/v2\/users\/1"}],"replies":[{"embeddable":true,"href":"https:\/\/diskfestaseeventos.com.br\/index.php\/wp-json\/wp\/v2\/comments?post=1109"}],"version-history":[{"count":25,"href":"https:\/\/diskfestaseeventos.com.br\/index.php\/wp-json\/wp\/v2\/pages\/1109\/revisions"}],"predecessor-version":[{"id":1376,"href":"https:\/\/diskfestaseeventos.com.br\/index.php\/wp-json\/wp\/v2\/pages\/1109\/revisions\/1376"}],"wp:attachment":[{"href":"https:\/\/diskfestaseeventos.com.br\/index.php\/wp-json\/wp\/v2\/media?parent=1109"}],"curies":[{"name":"wp","href":"https:\/\/api.w.org\/{rel}","templated":true}]}}