{"id":1111,"date":"2024-03-05T12:32:59","date_gmt":"2024-03-05T15:32:59","guid":{"rendered":"https:\/\/diskfestaseeventos.com.br\/?page_id=1111"},"modified":"2025-12-11T19:34:49","modified_gmt":"2025-12-11T22:34:49","slug":"churrasco","status":"publish","type":"page","link":"https:\/\/diskfestaseeventos.com.br\/index.php\/churrasco\/","title":{"rendered":"Churrasco"},"content":{"rendered":"\t\t<div data-elementor-type=\"wp-page\" data-elementor-id=\"1111\" class=\"elementor elementor-1111\" data-elementor-post-type=\"page\">\n\t\t\t\t\t\t<section class=\"elementor-section elementor-top-section elementor-element elementor-element-15aad92 elementor-section-content-middle elementor-section-boxed elementor-section-height-default elementor-section-height-default\" data-id=\"15aad92\" data-element_type=\"section\" data-settings=\"{&quot;jet_parallax_layout_list&quot;:[]}\">\n\t\t\t\t\t\t<div class=\"elementor-container elementor-column-gap-default\">\n\t\t\t\t\t<div class=\"elementor-column elementor-col-50 elementor-top-column elementor-element elementor-element-c610e38\" data-id=\"c610e38\" data-element_type=\"column\" data-settings=\"{&quot;background_background&quot;:&quot;classic&quot;}\">\n\t\t\t<div class=\"elementor-widget-wrap elementor-element-populated\">\n\t\t\t\t\t\t<div class=\"elementor-element elementor-element-1ed15db elementor-widget elementor-widget-image\" data-id=\"1ed15db\" data-element_type=\"widget\" data-widget_type=\"image.default\">\n\t\t\t\t<div class=\"elementor-widget-container\">\n\t\t\t\t\t\t\t\t\t\t\t\t\t\t\t<img fetchpriority=\"high\" decoding=\"async\" width=\"564\" height=\"1024\" src=\"https:\/\/diskfestaseeventos.com.br\/wp-content\/uploads\/2025\/12\/WhatsApp-Image-2025-12-11-at-19.14.48-564x1024.jpeg\" class=\"attachment-large size-large wp-image-1382\" alt=\"\" srcset=\"https:\/\/diskfestaseeventos.com.br\/wp-content\/uploads\/2025\/12\/WhatsApp-Image-2025-12-11-at-19.14.48-564x1024.jpeg 564w, https:\/\/diskfestaseeventos.com.br\/wp-content\/uploads\/2025\/12\/WhatsApp-Image-2025-12-11-at-19.14.48-165x300.jpeg 165w, https:\/\/diskfestaseeventos.com.br\/wp-content\/uploads\/2025\/12\/WhatsApp-Image-2025-12-11-at-19.14.48.jpeg 720w\" sizes=\"(max-width: 564px) 100vw, 564px\" \/>\t\t\t\t\t\t\t\t\t\t\t\t\t\t\t<\/div>\n\t\t\t\t<\/div>\n\t\t\t\t\t<\/div>\n\t\t<\/div>\n\t\t\t\t<div class=\"elementor-column elementor-col-50 elementor-top-column elementor-element elementor-element-107a025\" data-id=\"107a025\" data-element_type=\"column\">\n\t\t\t<div class=\"elementor-widget-wrap elementor-element-populated\">\n\t\t\t\t\t\t<div class=\"elementor-element elementor-element-7d8076f elementor-widget elementor-widget-heading\" data-id=\"7d8076f\" data-element_type=\"widget\" data-widget_type=\"heading.default\">\n\t\t\t\t<div class=\"elementor-widget-container\">\n\t\t\t\t\t<h3 class=\"elementor-heading-title elementor-size-default\">Churrasco:<\/h3>\t\t\t\t<\/div>\n\t\t\t\t<\/div>\n\t\t\t\t<div class=\"elementor-element elementor-element-ce58774 elementor-widget elementor-widget-text-editor\" data-id=\"ce58774\" data-element_type=\"widget\" data-widget_type=\"text-editor.default\">\n\t\t\t\t<div class=\"elementor-widget-container\">\n\t\t\t\t\t\t\t\t\t<p>Prepare-se para uma experi\u00eancia de churrasco aut\u00eantica e irresist\u00edvel com nosso servi\u00e7o especializado. Nossos churrasqueiros experientes preparam uma variedade de carnes suculentas, como picanha, lingui\u00e7a, frango e muito mais, garantindo que cada peda\u00e7o seja grelhado \u00e0 perfei\u00e7\u00e3o e cheio de sabor. Com acompanhamentos frescos, como saladas, arroz, feij\u00e3o tropeiro e farofa, seu churrasco ser\u00e1 completo e satisfat\u00f3rio. Deixe-nos cuidar do churrasco enquanto voc\u00ea aproveita o tempo com seus convidados.<\/p>\t\t\t\t\t\t\t\t<\/div>\n\t\t\t\t<\/div>\n\t\t\t\t<div class=\"elementor-element elementor-element-5c02d31 elementor-widget elementor-widget-image\" data-id=\"5c02d31\" data-element_type=\"widget\" data-widget_type=\"image.default\">\n\t\t\t\t<div class=\"elementor-widget-container\">\n\t\t\t\t\t\t\t\t\t\t\t\t\t\t\t<img decoding=\"async\" width=\"724\" height=\"1024\" src=\"https:\/\/diskfestaseeventos.com.br\/wp-content\/uploads\/2025\/12\/WhatsApp-Image-2025-12-11-at-19.14.49-1-724x1024.jpeg\" class=\"attachment-large size-large wp-image-1377\" alt=\"\" srcset=\"https:\/\/diskfestaseeventos.com.br\/wp-content\/uploads\/2025\/12\/WhatsApp-Image-2025-12-11-at-19.14.49-1-724x1024.jpeg 724w, https:\/\/diskfestaseeventos.com.br\/wp-content\/uploads\/2025\/12\/WhatsApp-Image-2025-12-11-at-19.14.49-1-212x300.jpeg 212w, https:\/\/diskfestaseeventos.com.br\/wp-content\/uploads\/2025\/12\/WhatsApp-Image-2025-12-11-at-19.14.49-1-768x1086.jpeg 768w, https:\/\/diskfestaseeventos.com.br\/wp-content\/uploads\/2025\/12\/WhatsApp-Image-2025-12-11-at-19.14.49-1-1086x1536.jpeg 1086w, https:\/\/diskfestaseeventos.com.br\/wp-content\/uploads\/2025\/12\/WhatsApp-Image-2025-12-11-at-19.14.49-1.jpeg 1131w\" sizes=\"(max-width: 724px) 100vw, 724px\" \/>\t\t\t\t\t\t\t\t\t\t\t\t\t\t\t<\/div>\n\t\t\t\t<\/div>\n\t\t\t\t<div class=\"elementor-element elementor-element-cb9f16f elementor-align-left elementor-widget elementor-widget-button\" data-id=\"cb9f16f\" data-element_type=\"widget\" data-widget_type=\"button.default\">\n\t\t\t\t<div class=\"elementor-widget-container\">\n\t\t\t\t\t\t\t\t\t<div class=\"elementor-button-wrapper\">\n\t\t\t\t\t<a class=\"elementor-button elementor-button-link elementor-size-sm\" href=\"http:\/\/wa.me\/5511978415881\" target=\"_blank\">\n\t\t\t\t\t\t<span class=\"elementor-button-content-wrapper\">\n\t\t\t\t\t\t\t\t\t<span class=\"elementor-button-text\">Solicitar Or\u00e7amento<\/span>\n\t\t\t\t\t<\/span>\n\t\t\t\t\t<\/a>\n\t\t\t\t<\/div>\n\t\t\t\t\t\t\t\t<\/div>\n\t\t\t\t<\/div>\n\t\t\t\t<div class=\"elementor-element elementor-element-9dcfbe6 elementor-widget elementor-widget-image\" data-id=\"9dcfbe6\" data-element_type=\"widget\" data-widget_type=\"image.default\">\n\t\t\t\t<div class=\"elementor-widget-container\">\n\t\t\t\t\t\t\t\t\t\t\t\t\t\t\t<img decoding=\"async\" width=\"720\" height=\"943\" src=\"https:\/\/diskfestaseeventos.com.br\/wp-content\/uploads\/2025\/12\/WhatsApp-Image-2025-12-11-at-19.14.47.jpeg\" class=\"attachment-large size-large wp-image-1378\" alt=\"\" srcset=\"https:\/\/diskfestaseeventos.com.br\/wp-content\/uploads\/2025\/12\/WhatsApp-Image-2025-12-11-at-19.14.47.jpeg 720w, https:\/\/diskfestaseeventos.com.br\/wp-content\/uploads\/2025\/12\/WhatsApp-Image-2025-12-11-at-19.14.47-229x300.jpeg 229w\" sizes=\"(max-width: 720px) 100vw, 720px\" \/>\t\t\t\t\t\t\t\t\t\t\t\t\t\t\t<\/div>\n\t\t\t\t<\/div>\n\t\t\t\t\t<\/div>\n\t\t<\/div>\n\t\t\t\t\t<\/div>\n\t\t<\/section>\n\t\t\t\t<section class=\"elementor-section elementor-top-section elementor-element elementor-element-94cda7f elementor-section-boxed elementor-section-height-default elementor-section-height-default\" data-id=\"94cda7f\" data-element_type=\"section\" data-settings=\"{&quot;jet_parallax_layout_list&quot;:[]}\">\n\t\t\t\t\t\t<div class=\"elementor-container elementor-column-gap-default\">\n\t\t\t\t\t<div class=\"elementor-column elementor-col-20 elementor-top-column elementor-element elementor-element-98219a8\" data-id=\"98219a8\" data-element_type=\"column\">\n\t\t\t<div class=\"elementor-widget-wrap elementor-element-populated\">\n\t\t\t\t\t\t<div class=\"elementor-element elementor-element-ddfb6f3 elementor-widget elementor-widget-image\" data-id=\"ddfb6f3\" data-element_type=\"widget\" data-widget_type=\"image.default\">\n\t\t\t\t<div class=\"elementor-widget-container\">\n\t\t\t\t\t\t\t\t\t\t\t\t\t\t\t<img loading=\"lazy\" decoding=\"async\" width=\"720\" height=\"918\" src=\"https:\/\/diskfestaseeventos.com.br\/wp-content\/uploads\/2025\/12\/WhatsApp-Image-2025-12-11-at-19.20.26-2.jpeg\" class=\"attachment-large size-large wp-image-1388\" alt=\"\" srcset=\"https:\/\/diskfestaseeventos.com.br\/wp-content\/uploads\/2025\/12\/WhatsApp-Image-2025-12-11-at-19.20.26-2.jpeg 720w, https:\/\/diskfestaseeventos.com.br\/wp-content\/uploads\/2025\/12\/WhatsApp-Image-2025-12-11-at-19.20.26-2-235x300.jpeg 235w\" sizes=\"(max-width: 720px) 100vw, 720px\" \/>\t\t\t\t\t\t\t\t\t\t\t\t\t\t\t<\/div>\n\t\t\t\t<\/div>\n\t\t\t\t\t<\/div>\n\t\t<\/div>\n\t\t\t\t<div class=\"elementor-column elementor-col-20 elementor-top-column elementor-element elementor-element-feccab9\" data-id=\"feccab9\" data-element_type=\"column\">\n\t\t\t<div class=\"elementor-widget-wrap\">\n\t\t\t\t\t\t\t<\/div>\n\t\t<\/div>\n\t\t\t\t<div class=\"elementor-column elementor-col-20 elementor-top-column elementor-element elementor-element-2d3bdef\" data-id=\"2d3bdef\" data-element_type=\"column\">\n\t\t\t<div class=\"elementor-widget-wrap\">\n\t\t\t\t\t\t\t<\/div>\n\t\t<\/div>\n\t\t\t\t<div class=\"elementor-column elementor-col-20 elementor-top-column elementor-element elementor-element-9cc4ae4\" data-id=\"9cc4ae4\" data-element_type=\"column\">\n\t\t\t<div class=\"elementor-widget-wrap\">\n\t\t\t\t\t\t\t<\/div>\n\t\t<\/div>\n\t\t\t\t<div class=\"elementor-column elementor-col-20 elementor-top-column elementor-element elementor-element-16e90ff\" data-id=\"16e90ff\" data-element_type=\"column\">\n\t\t\t<div class=\"elementor-widget-wrap\">\n\t\t\t\t\t\t\t<\/div>\n\t\t<\/div>\n\t\t\t\t\t<\/div>\n\t\t<\/section>\n\t\t\t\t<\/div>\n\t\t","protected":false},"excerpt":{"rendered":"<p>Churrasco: Prepare-se para uma experi\u00eancia de churrasco aut\u00eantica e irresist\u00edvel com nosso servi\u00e7o especializado. Nossos churrasqueiros experientes preparam uma variedade de carnes suculentas, como picanha, lingui\u00e7a, frango e muito mais, garantindo que cada peda\u00e7o seja grelhado \u00e0 perfei\u00e7\u00e3o e cheio de sabor. Com acompanhamentos frescos, como saladas, arroz, feij\u00e3o tropeiro e farofa, seu churrasco ser\u00e1 &#8230; <a title=\"Churrasco\" class=\"read-more\" href=\"https:\/\/diskfestaseeventos.com.br\/index.php\/churrasco\/\" aria-label=\"Read more about Churrasco\">Ler mais<\/a><\/p>\n","protected":false},"author":1,"featured_media":0,"parent":0,"menu_order":0,"comment_status":"closed","ping_status":"closed","template":"elementor_header_footer","meta":{"footnotes":""},"class_list":["post-1111","page","type-page","status-publish"],"_links":{"self":[{"href":"https:\/\/diskfestaseeventos.com.br\/index.php\/wp-json\/wp\/v2\/pages\/1111","targetHints":{"allow":["GET"]}}],"collection":[{"href":"https:\/\/diskfestaseeventos.com.br\/index.php\/wp-json\/wp\/v2\/pages"}],"about":[{"href":"https:\/\/diskfestaseeventos.com.br\/index.php\/wp-json\/wp\/v2\/types\/page"}],"author":[{"embeddable":true,"href":"https:\/\/diskfestaseeventos.com.br\/index.php\/wp-json\/wp\/v2\/users\/1"}],"replies":[{"embeddable":true,"href":"https:\/\/diskfestaseeventos.com.br\/index.php\/wp-json\/wp\/v2\/comments?post=1111"}],"version-history":[{"count":25,"href":"https:\/\/diskfestaseeventos.com.br\/index.php\/wp-json\/wp\/v2\/pages\/1111\/revisions"}],"predecessor-version":[{"id":1401,"href":"https:\/\/diskfestaseeventos.com.br\/index.php\/wp-json\/wp\/v2\/pages\/1111\/revisions\/1401"}],"wp:attachment":[{"href":"https:\/\/diskfestaseeventos.com.br\/index.php\/wp-json\/wp\/v2\/media?parent=1111"}],"curies":[{"name":"wp","href":"https:\/\/api.w.org\/{rel}","templated":true}]}}