{"id":1115,"date":"2024-03-05T12:33:40","date_gmt":"2024-03-05T15:33:40","guid":{"rendered":"https:\/\/diskfestaseeventos.com.br\/?page_id=1115"},"modified":"2024-08-01T09:20:30","modified_gmt":"2024-08-01T12:20:30","slug":"crepes","status":"publish","type":"page","link":"https:\/\/diskfestaseeventos.com.br\/index.php\/crepes\/","title":{"rendered":"Crepes"},"content":{"rendered":"\t\t<div data-elementor-type=\"wp-page\" data-elementor-id=\"1115\" class=\"elementor elementor-1115\" data-elementor-post-type=\"page\">\n\t\t\t\t\t\t<section class=\"elementor-section elementor-top-section elementor-element elementor-element-78122b7 elementor-section-content-middle elementor-section-boxed elementor-section-height-default elementor-section-height-default\" data-id=\"78122b7\" data-element_type=\"section\" data-settings=\"{&quot;jet_parallax_layout_list&quot;:[]}\">\n\t\t\t\t\t\t<div class=\"elementor-container elementor-column-gap-default\">\n\t\t\t\t\t<div class=\"elementor-column elementor-col-50 elementor-top-column elementor-element elementor-element-45de7bf\" data-id=\"45de7bf\" data-element_type=\"column\" data-settings=\"{&quot;background_background&quot;:&quot;classic&quot;}\">\n\t\t\t<div class=\"elementor-widget-wrap elementor-element-populated\">\n\t\t\t\t\t\t<div class=\"elementor-element elementor-element-e6d3670 elementor-widget elementor-widget-image\" data-id=\"e6d3670\" data-element_type=\"widget\" data-widget_type=\"image.default\">\n\t\t\t\t<div class=\"elementor-widget-container\">\n\t\t\t\t\t\t\t\t\t\t\t\t\t\t\t<img fetchpriority=\"high\" decoding=\"async\" width=\"720\" height=\"656\" src=\"https:\/\/diskfestaseeventos.com.br\/wp-content\/uploads\/2024\/03\/WhatsApp-Image-2024-03-04-at-09.50.14-2.jpeg\" class=\"attachment-large size-large wp-image-1216\" alt=\"\" srcset=\"https:\/\/diskfestaseeventos.com.br\/wp-content\/uploads\/2024\/03\/WhatsApp-Image-2024-03-04-at-09.50.14-2.jpeg 720w, https:\/\/diskfestaseeventos.com.br\/wp-content\/uploads\/2024\/03\/WhatsApp-Image-2024-03-04-at-09.50.14-2-300x273.jpeg 300w\" sizes=\"(max-width: 720px) 100vw, 720px\" \/>\t\t\t\t\t\t\t\t\t\t\t\t\t\t\t<\/div>\n\t\t\t\t<\/div>\n\t\t\t\t\t<\/div>\n\t\t<\/div>\n\t\t\t\t<div class=\"elementor-column elementor-col-50 elementor-top-column elementor-element elementor-element-5114f2d\" data-id=\"5114f2d\" data-element_type=\"column\">\n\t\t\t<div class=\"elementor-widget-wrap elementor-element-populated\">\n\t\t\t\t\t\t<div class=\"elementor-element elementor-element-36af4a4 elementor-widget elementor-widget-heading\" data-id=\"36af4a4\" data-element_type=\"widget\" data-widget_type=\"heading.default\">\n\t\t\t\t<div class=\"elementor-widget-container\">\n\t\t\t\t\t<h3 class=\"elementor-heading-title elementor-size-default\">Creppe:\n<\/h3>\t\t\t\t<\/div>\n\t\t\t\t<\/div>\n\t\t\t\t<div class=\"elementor-element elementor-element-19eb04f elementor-widget elementor-widget-text-editor\" data-id=\"19eb04f\" data-element_type=\"widget\" data-widget_type=\"text-editor.default\">\n\t\t\t\t<div class=\"elementor-widget-container\">\n\t\t\t\t\t\t\t\t\t<p>Experimente a versatilidade e o sabor dos crepes com nosso servi\u00e7o exclusivo de creperia. Oferecemos uma esta\u00e7\u00e3o de crepes feitos na hora, onde seus convidados podem escolher entre uma variedade de recheios doces e salgados, como queijo, presunto, nutella, frutas frescas e muito mais. Com ingredientes frescos e crepes preparados por nossos chefs especializados, garantimos uma experi\u00eancia culin\u00e1ria \u00fanica e deliciosa para todos os presentes. Surpreenda seus convidados com uma esta\u00e7\u00e3o de crepes em seu evento e deixe-os saborear essa iguaria francesa cl\u00e1ssica.<\/p>\t\t\t\t\t\t\t\t<\/div>\n\t\t\t\t<\/div>\n\t\t\t\t<div class=\"elementor-element elementor-element-3afdf82 elementor-align-left elementor-widget elementor-widget-button\" data-id=\"3afdf82\" data-element_type=\"widget\" data-widget_type=\"button.default\">\n\t\t\t\t<div class=\"elementor-widget-container\">\n\t\t\t\t\t\t\t\t\t<div class=\"elementor-button-wrapper\">\n\t\t\t\t\t<a class=\"elementor-button elementor-button-link elementor-size-sm\" href=\"http:\/\/wa.me\/5511978415881\" target=\"_blank\">\n\t\t\t\t\t\t<span class=\"elementor-button-content-wrapper\">\n\t\t\t\t\t\t\t\t\t<span class=\"elementor-button-text\">Solicitar Or\u00e7amento<\/span>\n\t\t\t\t\t<\/span>\n\t\t\t\t\t<\/a>\n\t\t\t\t<\/div>\n\t\t\t\t\t\t\t\t<\/div>\n\t\t\t\t<\/div>\n\t\t\t\t\t<\/div>\n\t\t<\/div>\n\t\t\t\t\t<\/div>\n\t\t<\/section>\n\t\t\t\t<section class=\"elementor-section elementor-top-section elementor-element elementor-element-cf146e3 elementor-section-boxed elementor-section-height-default elementor-section-height-default\" data-id=\"cf146e3\" data-element_type=\"section\" data-settings=\"{&quot;jet_parallax_layout_list&quot;:[]}\">\n\t\t\t\t\t\t<div class=\"elementor-container elementor-column-gap-default\">\n\t\t\t\t\t<div class=\"elementor-column elementor-col-100 elementor-top-column elementor-element elementor-element-839d4bd\" data-id=\"839d4bd\" data-element_type=\"column\">\n\t\t\t<div class=\"elementor-widget-wrap elementor-element-populated\">\n\t\t\t\t\t\t<div class=\"elementor-element elementor-element-04700ce elementor-widget__width-initial elementor-widget elementor-widget-video\" data-id=\"04700ce\" data-element_type=\"widget\" data-settings=\"{&quot;video_type&quot;:&quot;hosted&quot;,&quot;controls&quot;:&quot;yes&quot;}\" data-widget_type=\"video.default\">\n\t\t\t\t<div class=\"elementor-widget-container\">\n\t\t\t\t\t\t\t<div class=\"e-hosted-video elementor-wrapper elementor-open-inline\">\n\t\t\t\t\t<video class=\"elementor-video\" src=\"https:\/\/diskfestaseeventos.com.br\/wp-content\/uploads\/2024\/08\/Video-do-WhatsApp-de-2024-07-31-as-13.19.48_a5b8516f.mp4\" controls=\"\" preload=\"metadata\" controlsList=\"nodownload\"><\/video>\n\t\t\t\t<\/div>\n\t\t\t\t\t\t<\/div>\n\t\t\t\t<\/div>\n\t\t\t\t\t<\/div>\n\t\t<\/div>\n\t\t\t\t\t<\/div>\n\t\t<\/section>\n\t\t\t\t<\/div>\n\t\t","protected":false},"excerpt":{"rendered":"<p>Creppe: Experimente a versatilidade e o sabor dos crepes com nosso servi\u00e7o exclusivo de creperia. Oferecemos uma esta\u00e7\u00e3o de crepes feitos na hora, onde seus convidados podem escolher entre uma variedade de recheios doces e salgados, como queijo, presunto, nutella, frutas frescas e muito mais. Com ingredientes frescos e crepes preparados por nossos chefs especializados, &#8230; <a title=\"Crepes\" class=\"read-more\" href=\"https:\/\/diskfestaseeventos.com.br\/index.php\/crepes\/\" aria-label=\"Read more about Crepes\">Ler mais<\/a><\/p>\n","protected":false},"author":1,"featured_media":0,"parent":0,"menu_order":0,"comment_status":"closed","ping_status":"closed","template":"elementor_header_footer","meta":{"footnotes":""},"class_list":["post-1115","page","type-page","status-publish"],"_links":{"self":[{"href":"https:\/\/diskfestaseeventos.com.br\/index.php\/wp-json\/wp\/v2\/pages\/1115","targetHints":{"allow":["GET"]}}],"collection":[{"href":"https:\/\/diskfestaseeventos.com.br\/index.php\/wp-json\/wp\/v2\/pages"}],"about":[{"href":"https:\/\/diskfestaseeventos.com.br\/index.php\/wp-json\/wp\/v2\/types\/page"}],"author":[{"embeddable":true,"href":"https:\/\/diskfestaseeventos.com.br\/index.php\/wp-json\/wp\/v2\/users\/1"}],"replies":[{"embeddable":true,"href":"https:\/\/diskfestaseeventos.com.br\/index.php\/wp-json\/wp\/v2\/comments?post=1115"}],"version-history":[{"count":13,"href":"https:\/\/diskfestaseeventos.com.br\/index.php\/wp-json\/wp\/v2\/pages\/1115\/revisions"}],"predecessor-version":[{"id":1310,"href":"https:\/\/diskfestaseeventos.com.br\/index.php\/wp-json\/wp\/v2\/pages\/1115\/revisions\/1310"}],"wp:attachment":[{"href":"https:\/\/diskfestaseeventos.com.br\/index.php\/wp-json\/wp\/v2\/media?parent=1115"}],"curies":[{"name":"wp","href":"https:\/\/api.w.org\/{rel}","templated":true}]}}