{"id":1118,"date":"2024-03-05T12:34:22","date_gmt":"2024-03-05T15:34:22","guid":{"rendered":"https:\/\/diskfestaseeventos.com.br\/?page_id=1118"},"modified":"2025-03-10T14:27:24","modified_gmt":"2025-03-10T17:27:24","slug":"festa-junina","status":"publish","type":"page","link":"https:\/\/diskfestaseeventos.com.br\/index.php\/festa-junina\/","title":{"rendered":"Festa Junina"},"content":{"rendered":"\t\t<div data-elementor-type=\"wp-page\" data-elementor-id=\"1118\" class=\"elementor elementor-1118\" data-elementor-post-type=\"page\">\n\t\t\t\t\t\t<section class=\"elementor-section elementor-top-section elementor-element elementor-element-633cce8 elementor-section-content-middle elementor-section-boxed elementor-section-height-default elementor-section-height-default\" data-id=\"633cce8\" data-element_type=\"section\" data-settings=\"{&quot;jet_parallax_layout_list&quot;:[]}\">\n\t\t\t\t\t\t<div class=\"elementor-container elementor-column-gap-default\">\n\t\t\t\t\t<div class=\"elementor-column elementor-col-50 elementor-top-column elementor-element elementor-element-a25339a\" data-id=\"a25339a\" data-element_type=\"column\" data-settings=\"{&quot;background_background&quot;:&quot;classic&quot;}\">\n\t\t\t<div class=\"elementor-widget-wrap elementor-element-populated\">\n\t\t\t\t\t\t<div class=\"elementor-element elementor-element-6ab8d00 elementor-widget elementor-widget-image\" data-id=\"6ab8d00\" data-element_type=\"widget\" data-widget_type=\"image.default\">\n\t\t\t\t<div class=\"elementor-widget-container\">\n\t\t\t\t\t\t\t\t\t\t\t\t\t\t\t<img fetchpriority=\"high\" decoding=\"async\" width=\"600\" height=\"600\" src=\"https:\/\/diskfestaseeventos.com.br\/wp-content\/uploads\/2024\/03\/Design-sem-nome-2024-03-01T165411.965.jpg\" class=\"attachment-large size-large wp-image-1061\" alt=\"\" srcset=\"https:\/\/diskfestaseeventos.com.br\/wp-content\/uploads\/2024\/03\/Design-sem-nome-2024-03-01T165411.965.jpg 600w, https:\/\/diskfestaseeventos.com.br\/wp-content\/uploads\/2024\/03\/Design-sem-nome-2024-03-01T165411.965-300x300.jpg 300w, https:\/\/diskfestaseeventos.com.br\/wp-content\/uploads\/2024\/03\/Design-sem-nome-2024-03-01T165411.965-150x150.jpg 150w\" sizes=\"(max-width: 600px) 100vw, 600px\" \/>\t\t\t\t\t\t\t\t\t\t\t\t\t\t\t<\/div>\n\t\t\t\t<\/div>\n\t\t\t\t\t<\/div>\n\t\t<\/div>\n\t\t\t\t<div class=\"elementor-column elementor-col-50 elementor-top-column elementor-element elementor-element-06cf958\" data-id=\"06cf958\" data-element_type=\"column\">\n\t\t\t<div class=\"elementor-widget-wrap elementor-element-populated\">\n\t\t\t\t\t\t<div class=\"elementor-element elementor-element-d3df26e elementor-widget elementor-widget-heading\" data-id=\"d3df26e\" data-element_type=\"widget\" data-widget_type=\"heading.default\">\n\t\t\t\t<div class=\"elementor-widget-container\">\n\t\t\t\t\t<h3 class=\"elementor-heading-title elementor-size-default\">Festa Junina:\n<\/h3>\t\t\t\t<\/div>\n\t\t\t\t<\/div>\n\t\t\t\t<div class=\"elementor-element elementor-element-a2da50e elementor-widget elementor-widget-text-editor\" data-id=\"a2da50e\" data-element_type=\"widget\" data-widget_type=\"text-editor.default\">\n\t\t\t\t<div class=\"elementor-widget-container\">\n\t\t\t\t\t\t\t\t\t<div class=\"flex-1 overflow-hidden\"><div class=\"react-scroll-to-bottom--css-huqtq-79elbk h-full\"><div class=\"react-scroll-to-bottom--css-huqtq-1n7m0yu\"><div class=\"flex flex-col text-sm pb-9\"><div class=\"w-full text-token-text-primary\" data-testid=\"conversation-turn-13\"><div class=\"px-4 py-2 justify-center text-base md:gap-6 m-auto\"><div class=\"flex flex-1 text-base mx-auto gap-3 md:px-5 lg:px-1 xl:px-5 md:max-w-3xl lg:max-w-[40rem] xl:max-w-[48rem] group final-completion\"><div class=\"relative flex w-full flex-col agent-turn\"><div class=\"flex-col gap-1 md:gap-3\"><div class=\"flex flex-grow flex-col max-w-full\"><div class=\"min-h-[20px] text-message flex flex-col items-start gap-3 whitespace-pre-wrap break-words [.text-message+&amp;]:mt-5 overflow-x-auto\" data-message-author-role=\"assistant\" data-message-id=\"b678078a-969d-43a1-af6f-ec818a89cd63\"><div class=\"markdown prose w-full break-words dark:prose-invert dark\"><p>Transporte seus convidados para uma atmosfera festiva e colorida com nosso servi\u00e7o de buffet tem\u00e1tico de Festa Junina. Com uma variedade de pratos t\u00edpicos da culin\u00e1ria junina, como milho verde, canjica, quent\u00e3o, pipoca, caldos e muito mais, garantimos que seu evento ser\u00e1 uma verdadeira festa brasileira. Al\u00e9m disso, oferecemos decora\u00e7\u00f5es tem\u00e1ticas, m\u00fasica ao vivo e atividades tradicionais, como quadrilha e correio elegante, para garantir que todos se divirtam ao m\u00e1ximo. Deixe-nos criar uma experi\u00eancia aut\u00eantica de Festa Junina para o seu pr\u00f3ximo evento e celebre com estilo e alegria.<\/p><\/div><\/div><\/div><\/div><\/div><\/div><\/div><\/div><\/div><\/div><\/div><\/div>\t\t\t\t\t\t\t\t<\/div>\n\t\t\t\t<\/div>\n\t\t\t\t<div class=\"elementor-element elementor-element-9310ffc elementor-align-left elementor-widget elementor-widget-button\" data-id=\"9310ffc\" data-element_type=\"widget\" data-widget_type=\"button.default\">\n\t\t\t\t<div class=\"elementor-widget-container\">\n\t\t\t\t\t\t\t\t\t<div class=\"elementor-button-wrapper\">\n\t\t\t\t\t<a class=\"elementor-button elementor-button-link elementor-size-sm\" href=\"http:\/\/wa.me\/5511978415881\" target=\"_blank\">\n\t\t\t\t\t\t<span class=\"elementor-button-content-wrapper\">\n\t\t\t\t\t\t\t\t\t<span class=\"elementor-button-text\">Solicitar Or\u00e7amento<\/span>\n\t\t\t\t\t<\/span>\n\t\t\t\t\t<\/a>\n\t\t\t\t<\/div>\n\t\t\t\t\t\t\t\t<\/div>\n\t\t\t\t<\/div>\n\t\t\t\t<div class=\"elementor-element elementor-element-4002a84 elementor-widget-mobile__width-initial elementor-widget elementor-widget-image\" data-id=\"4002a84\" data-element_type=\"widget\" data-widget_type=\"image.default\">\n\t\t\t\t<div class=\"elementor-widget-container\">\n\t\t\t\t\t\t\t\t\t\t\t\t\t\t\t<img decoding=\"async\" width=\"720\" height=\"590\" src=\"https:\/\/diskfestaseeventos.com.br\/wp-content\/uploads\/2025\/03\/012f37f6-7fe4-439e-a2b1-1216a720d878.jpeg\" class=\"attachment-large size-large wp-image-1324\" alt=\"\" srcset=\"https:\/\/diskfestaseeventos.com.br\/wp-content\/uploads\/2025\/03\/012f37f6-7fe4-439e-a2b1-1216a720d878.jpeg 720w, https:\/\/diskfestaseeventos.com.br\/wp-content\/uploads\/2025\/03\/012f37f6-7fe4-439e-a2b1-1216a720d878-300x246.jpeg 300w\" sizes=\"(max-width: 720px) 100vw, 720px\" \/>\t\t\t\t\t\t\t\t\t\t\t\t\t\t\t<\/div>\n\t\t\t\t<\/div>\n\t\t\t\t<div class=\"elementor-element elementor-element-79464b7 elementor-widget-mobile__width-initial elementor-widget elementor-widget-image\" data-id=\"79464b7\" data-element_type=\"widget\" data-widget_type=\"image.default\">\n\t\t\t\t<div class=\"elementor-widget-container\">\n\t\t\t\t\t\t\t\t\t\t\t\t\t\t\t<img decoding=\"async\" width=\"720\" height=\"415\" src=\"https:\/\/diskfestaseeventos.com.br\/wp-content\/uploads\/2025\/03\/9b045286-8301-4763-8e9f-d25ea48b5441.jpeg\" class=\"attachment-large size-large wp-image-1325\" alt=\"\" srcset=\"https:\/\/diskfestaseeventos.com.br\/wp-content\/uploads\/2025\/03\/9b045286-8301-4763-8e9f-d25ea48b5441.jpeg 720w, https:\/\/diskfestaseeventos.com.br\/wp-content\/uploads\/2025\/03\/9b045286-8301-4763-8e9f-d25ea48b5441-300x173.jpeg 300w\" sizes=\"(max-width: 720px) 100vw, 720px\" \/>\t\t\t\t\t\t\t\t\t\t\t\t\t\t\t<\/div>\n\t\t\t\t<\/div>\n\t\t\t\t<div class=\"elementor-element elementor-element-6d058ae elementor-widget-mobile__width-initial elementor-widget elementor-widget-image\" data-id=\"6d058ae\" data-element_type=\"widget\" data-widget_type=\"image.default\">\n\t\t\t\t<div class=\"elementor-widget-container\">\n\t\t\t\t\t\t\t\t\t\t\t\t\t\t\t<img loading=\"lazy\" decoding=\"async\" width=\"720\" height=\"403\" src=\"https:\/\/diskfestaseeventos.com.br\/wp-content\/uploads\/2025\/03\/c3d67113-87ca-4418-813a-461be49c2a49.jpeg\" class=\"attachment-large size-large wp-image-1326\" alt=\"\" srcset=\"https:\/\/diskfestaseeventos.com.br\/wp-content\/uploads\/2025\/03\/c3d67113-87ca-4418-813a-461be49c2a49.jpeg 720w, https:\/\/diskfestaseeventos.com.br\/wp-content\/uploads\/2025\/03\/c3d67113-87ca-4418-813a-461be49c2a49-300x168.jpeg 300w\" sizes=\"(max-width: 720px) 100vw, 720px\" \/>\t\t\t\t\t\t\t\t\t\t\t\t\t\t\t<\/div>\n\t\t\t\t<\/div>\n\t\t\t\t<div class=\"elementor-element elementor-element-5896228 elementor-widget-mobile__width-initial elementor-widget elementor-widget-image\" data-id=\"5896228\" data-element_type=\"widget\" data-widget_type=\"image.default\">\n\t\t\t\t<div class=\"elementor-widget-container\">\n\t\t\t\t\t\t\t\t\t\t\t\t\t\t\t<img loading=\"lazy\" decoding=\"async\" width=\"576\" height=\"1024\" src=\"https:\/\/diskfestaseeventos.com.br\/wp-content\/uploads\/2024\/03\/WhatsApp-Image-2024-03-05-at-13.52.12-576x1024.jpeg\" class=\"attachment-large size-large wp-image-1242\" alt=\"\" srcset=\"https:\/\/diskfestaseeventos.com.br\/wp-content\/uploads\/2024\/03\/WhatsApp-Image-2024-03-05-at-13.52.12-576x1024.jpeg 576w, https:\/\/diskfestaseeventos.com.br\/wp-content\/uploads\/2024\/03\/WhatsApp-Image-2024-03-05-at-13.52.12-169x300.jpeg 169w, https:\/\/diskfestaseeventos.com.br\/wp-content\/uploads\/2024\/03\/WhatsApp-Image-2024-03-05-at-13.52.12.jpeg 720w\" sizes=\"(max-width: 576px) 100vw, 576px\" \/>\t\t\t\t\t\t\t\t\t\t\t\t\t\t\t<\/div>\n\t\t\t\t<\/div>\n\t\t\t\t<div class=\"elementor-element elementor-element-157aa63 elementor-widget-mobile__width-initial elementor-widget elementor-widget-image\" data-id=\"157aa63\" data-element_type=\"widget\" data-widget_type=\"image.default\">\n\t\t\t\t<div class=\"elementor-widget-container\">\n\t\t\t\t\t\t\t\t\t\t\t\t\t\t\t<img loading=\"lazy\" decoding=\"async\" width=\"576\" height=\"1024\" src=\"https:\/\/diskfestaseeventos.com.br\/wp-content\/uploads\/2024\/03\/WhatsApp-Image-2024-03-05-at-13.52.13-576x1024.jpeg\" class=\"attachment-large size-large wp-image-1243\" alt=\"\" srcset=\"https:\/\/diskfestaseeventos.com.br\/wp-content\/uploads\/2024\/03\/WhatsApp-Image-2024-03-05-at-13.52.13-576x1024.jpeg 576w, https:\/\/diskfestaseeventos.com.br\/wp-content\/uploads\/2024\/03\/WhatsApp-Image-2024-03-05-at-13.52.13-169x300.jpeg 169w, https:\/\/diskfestaseeventos.com.br\/wp-content\/uploads\/2024\/03\/WhatsApp-Image-2024-03-05-at-13.52.13.jpeg 720w\" sizes=\"(max-width: 576px) 100vw, 576px\" \/>\t\t\t\t\t\t\t\t\t\t\t\t\t\t\t<\/div>\n\t\t\t\t<\/div>\n\t\t\t\t\t<\/div>\n\t\t<\/div>\n\t\t\t\t\t<\/div>\n\t\t<\/section>\n\t\t\t\t<\/div>\n\t\t","protected":false},"excerpt":{"rendered":"<p>Festa Junina: Transporte seus convidados para uma atmosfera festiva e colorida com nosso servi\u00e7o de buffet tem\u00e1tico de Festa Junina. Com uma variedade de pratos t\u00edpicos da culin\u00e1ria junina, como milho verde, canjica, quent\u00e3o, pipoca, caldos e muito mais, garantimos que seu evento ser\u00e1 uma verdadeira festa brasileira. Al\u00e9m disso, oferecemos decora\u00e7\u00f5es tem\u00e1ticas, m\u00fasica ao &#8230; <a title=\"Festa Junina\" class=\"read-more\" href=\"https:\/\/diskfestaseeventos.com.br\/index.php\/festa-junina\/\" aria-label=\"Read more about Festa Junina\">Ler mais<\/a><\/p>\n","protected":false},"author":1,"featured_media":0,"parent":0,"menu_order":0,"comment_status":"closed","ping_status":"closed","template":"","meta":{"footnotes":""},"class_list":["post-1118","page","type-page","status-publish"],"_links":{"self":[{"href":"https:\/\/diskfestaseeventos.com.br\/index.php\/wp-json\/wp\/v2\/pages\/1118","targetHints":{"allow":["GET"]}}],"collection":[{"href":"https:\/\/diskfestaseeventos.com.br\/index.php\/wp-json\/wp\/v2\/pages"}],"about":[{"href":"https:\/\/diskfestaseeventos.com.br\/index.php\/wp-json\/wp\/v2\/types\/page"}],"author":[{"embeddable":true,"href":"https:\/\/diskfestaseeventos.com.br\/index.php\/wp-json\/wp\/v2\/users\/1"}],"replies":[{"embeddable":true,"href":"https:\/\/diskfestaseeventos.com.br\/index.php\/wp-json\/wp\/v2\/comments?post=1118"}],"version-history":[{"count":11,"href":"https:\/\/diskfestaseeventos.com.br\/index.php\/wp-json\/wp\/v2\/pages\/1118\/revisions"}],"predecessor-version":[{"id":1329,"href":"https:\/\/diskfestaseeventos.com.br\/index.php\/wp-json\/wp\/v2\/pages\/1118\/revisions\/1329"}],"wp:attachment":[{"href":"https:\/\/diskfestaseeventos.com.br\/index.php\/wp-json\/wp\/v2\/media?parent=1118"}],"curies":[{"name":"wp","href":"https:\/\/api.w.org\/{rel}","templated":true}]}}