{"id":797,"date":"2024-02-28T12:05:38","date_gmt":"2024-02-28T15:05:38","guid":{"rendered":"https:\/\/diskfestaseeventos.com.br\/?page_id=797"},"modified":"2024-03-12T21:46:14","modified_gmt":"2024-03-13T00:46:14","slug":"cervejas","status":"publish","type":"page","link":"https:\/\/diskfestaseeventos.com.br\/index.php\/cervejas\/","title":{"rendered":"Boteco\/Bar"},"content":{"rendered":"\t\t<div data-elementor-type=\"wp-page\" data-elementor-id=\"797\" class=\"elementor elementor-797\" data-elementor-post-type=\"page\">\n\t\t\t\t\t\t<section class=\"elementor-section elementor-top-section elementor-element elementor-element-dc9fc59 elementor-section-content-middle elementor-reverse-mobile elementor-section-boxed elementor-section-height-default elementor-section-height-default\" data-id=\"dc9fc59\" data-element_type=\"section\" data-settings=\"{&quot;jet_parallax_layout_list&quot;:[]}\">\n\t\t\t\t\t\t<div class=\"elementor-container elementor-column-gap-default\">\n\t\t\t\t\t<div class=\"elementor-column elementor-col-50 elementor-top-column elementor-element elementor-element-baa6e8f\" data-id=\"baa6e8f\" data-element_type=\"column\">\n\t\t\t<div class=\"elementor-widget-wrap elementor-element-populated\">\n\t\t\t\t\t\t<div class=\"elementor-element elementor-element-457f3c4 elementor-widget elementor-widget-heading\" data-id=\"457f3c4\" data-element_type=\"widget\" data-widget_type=\"heading.default\">\n\t\t\t\t<div class=\"elementor-widget-container\">\n\t\t\t\t\t<h3 class=\"elementor-heading-title elementor-size-default\">Boteco\/Bar:\n<\/h3>\t\t\t\t<\/div>\n\t\t\t\t<\/div>\n\t\t\t\t<div class=\"elementor-element elementor-element-daef044 elementor-widget elementor-widget-text-editor\" data-id=\"daef044\" data-element_type=\"widget\" data-widget_type=\"text-editor.default\">\n\t\t\t\t<div class=\"elementor-widget-container\">\n\t\t\t\t\t\t\t\t\t<p>Celebre seu evento com o clima descontra\u00eddo e animado de um aut\u00eantico boteco brasileiro. Nosso servi\u00e7o de boteco\/bar oferece uma sele\u00e7\u00e3o de petiscos tradicionais, como coxinhas, bolinhos de bacalhau, past\u00e9is e caldinhos, perfeitos para acompanhar uma variedade de bebidas geladas, incluindo cervejas, caipirinhas e drinks especiais. Com uma atmosfera vibrante e informal, nosso bar de boteco \u00e9 ideal para festas e eventos que buscam uma experi\u00eancia descontra\u00edda e saborosa.<\/p>\t\t\t\t\t\t\t\t<\/div>\n\t\t\t\t<\/div>\n\t\t\t\t<div class=\"elementor-element elementor-element-e0ece6f elementor-align-left elementor-widget elementor-widget-button\" data-id=\"e0ece6f\" data-element_type=\"widget\" data-widget_type=\"button.default\">\n\t\t\t\t<div class=\"elementor-widget-container\">\n\t\t\t\t\t\t\t\t\t<div class=\"elementor-button-wrapper\">\n\t\t\t\t\t<a class=\"elementor-button elementor-button-link elementor-size-sm\" href=\"http:\/\/wa.me\/5511978415881\" target=\"_blank\">\n\t\t\t\t\t\t<span class=\"elementor-button-content-wrapper\">\n\t\t\t\t\t\t\t\t\t<span class=\"elementor-button-text\">Solicitar Or\u00e7amento<\/span>\n\t\t\t\t\t<\/span>\n\t\t\t\t\t<\/a>\n\t\t\t\t<\/div>\n\t\t\t\t\t\t\t\t<\/div>\n\t\t\t\t<\/div>\n\t\t\t\t<div class=\"elementor-element elementor-element-aec7225 elementor-widget elementor-widget-image\" data-id=\"aec7225\" data-element_type=\"widget\" data-widget_type=\"image.default\">\n\t\t\t\t<div class=\"elementor-widget-container\">\n\t\t\t\t\t\t\t\t\t\t\t\t\t\t\t<img fetchpriority=\"high\" decoding=\"async\" width=\"720\" height=\"478\" src=\"https:\/\/diskfestaseeventos.com.br\/wp-content\/uploads\/2024\/03\/WhatsApp-Image-2024-03-05-at-14.39.40.jpeg\" class=\"attachment-large size-large wp-image-1274\" alt=\"\" srcset=\"https:\/\/diskfestaseeventos.com.br\/wp-content\/uploads\/2024\/03\/WhatsApp-Image-2024-03-05-at-14.39.40.jpeg 720w, https:\/\/diskfestaseeventos.com.br\/wp-content\/uploads\/2024\/03\/WhatsApp-Image-2024-03-05-at-14.39.40-300x199.jpeg 300w\" sizes=\"(max-width: 720px) 100vw, 720px\" \/>\t\t\t\t\t\t\t\t\t\t\t\t\t\t\t<\/div>\n\t\t\t\t<\/div>\n\t\t\t\t\t<\/div>\n\t\t<\/div>\n\t\t\t\t<div class=\"elementor-column elementor-col-50 elementor-top-column elementor-element elementor-element-39857e0\" data-id=\"39857e0\" data-element_type=\"column\" data-settings=\"{&quot;background_background&quot;:&quot;classic&quot;}\">\n\t\t\t<div class=\"elementor-widget-wrap elementor-element-populated\">\n\t\t\t\t\t\t<div class=\"elementor-element elementor-element-226d277 elementor-widget elementor-widget-image\" data-id=\"226d277\" data-element_type=\"widget\" data-widget_type=\"image.default\">\n\t\t\t\t<div class=\"elementor-widget-container\">\n\t\t\t\t\t\t\t\t\t\t\t\t\t\t\t<img decoding=\"async\" width=\"705\" height=\"440\" src=\"https:\/\/diskfestaseeventos.com.br\/wp-content\/uploads\/2024\/03\/WhatsApp-Image-2024-03-05-at-13.40.09-1-e1709658374614.jpeg\" class=\"attachment-large size-large wp-image-1226\" alt=\"\" srcset=\"https:\/\/diskfestaseeventos.com.br\/wp-content\/uploads\/2024\/03\/WhatsApp-Image-2024-03-05-at-13.40.09-1-e1709658374614.jpeg 705w, https:\/\/diskfestaseeventos.com.br\/wp-content\/uploads\/2024\/03\/WhatsApp-Image-2024-03-05-at-13.40.09-1-e1709658374614-300x187.jpeg 300w\" sizes=\"(max-width: 705px) 100vw, 705px\" \/>\t\t\t\t\t\t\t\t\t\t\t\t\t\t\t<\/div>\n\t\t\t\t<\/div>\n\t\t\t\t\t<\/div>\n\t\t<\/div>\n\t\t\t\t\t<\/div>\n\t\t<\/section>\n\t\t\t\t<section class=\"elementor-section elementor-top-section elementor-element elementor-element-17ef47b elementor-section-boxed elementor-section-height-default elementor-section-height-default\" data-id=\"17ef47b\" data-element_type=\"section\" data-settings=\"{&quot;jet_parallax_layout_list&quot;:[]}\">\n\t\t\t\t\t\t<div class=\"elementor-container elementor-column-gap-default\">\n\t\t\t\t\t<div class=\"elementor-column elementor-col-100 elementor-top-column elementor-element elementor-element-aa9879e\" data-id=\"aa9879e\" data-element_type=\"column\">\n\t\t\t<div class=\"elementor-widget-wrap elementor-element-populated\">\n\t\t\t\t\t\t<div class=\"elementor-element elementor-element-a8ca668 elementor-widget elementor-widget-image\" data-id=\"a8ca668\" data-element_type=\"widget\" data-widget_type=\"image.default\">\n\t\t\t\t<div class=\"elementor-widget-container\">\n\t\t\t\t\t\t\t\t\t\t\t\t\t\t\t<img decoding=\"async\" width=\"1414\" height=\"2000\" src=\"https:\/\/diskfestaseeventos.com.br\/wp-content\/uploads\/2024\/03\/cardapio-menu-para-bar-cervejaria-drinks-chopperia.png\" class=\"attachment-full size-full wp-image-1283\" alt=\"\" srcset=\"https:\/\/diskfestaseeventos.com.br\/wp-content\/uploads\/2024\/03\/cardapio-menu-para-bar-cervejaria-drinks-chopperia.png 1414w, https:\/\/diskfestaseeventos.com.br\/wp-content\/uploads\/2024\/03\/cardapio-menu-para-bar-cervejaria-drinks-chopperia-212x300.png 212w, https:\/\/diskfestaseeventos.com.br\/wp-content\/uploads\/2024\/03\/cardapio-menu-para-bar-cervejaria-drinks-chopperia-724x1024.png 724w, https:\/\/diskfestaseeventos.com.br\/wp-content\/uploads\/2024\/03\/cardapio-menu-para-bar-cervejaria-drinks-chopperia-768x1086.png 768w, https:\/\/diskfestaseeventos.com.br\/wp-content\/uploads\/2024\/03\/cardapio-menu-para-bar-cervejaria-drinks-chopperia-1086x1536.png 1086w\" sizes=\"(max-width: 1414px) 100vw, 1414px\" \/>\t\t\t\t\t\t\t\t\t\t\t\t\t\t\t<\/div>\n\t\t\t\t<\/div>\n\t\t\t\t\t<\/div>\n\t\t<\/div>\n\t\t\t\t\t<\/div>\n\t\t<\/section>\n\t\t\t\t<\/div>\n\t\t","protected":false},"excerpt":{"rendered":"<p>Boteco\/Bar: Celebre seu evento com o clima descontra\u00eddo e animado de um aut\u00eantico boteco brasileiro. Nosso servi\u00e7o de boteco\/bar oferece uma sele\u00e7\u00e3o de petiscos tradicionais, como coxinhas, bolinhos de bacalhau, past\u00e9is e caldinhos, perfeitos para acompanhar uma variedade de bebidas geladas, incluindo cervejas, caipirinhas e drinks especiais. Com uma atmosfera vibrante e informal, nosso bar &#8230; <a title=\"Boteco\/Bar\" class=\"read-more\" href=\"https:\/\/diskfestaseeventos.com.br\/index.php\/cervejas\/\" aria-label=\"Read more about Boteco\/Bar\">Ler mais<\/a><\/p>\n","protected":false},"author":1,"featured_media":0,"parent":0,"menu_order":0,"comment_status":"closed","ping_status":"closed","template":"elementor_header_footer","meta":{"footnotes":""},"class_list":["post-797","page","type-page","status-publish"],"_links":{"self":[{"href":"https:\/\/diskfestaseeventos.com.br\/index.php\/wp-json\/wp\/v2\/pages\/797","targetHints":{"allow":["GET"]}}],"collection":[{"href":"https:\/\/diskfestaseeventos.com.br\/index.php\/wp-json\/wp\/v2\/pages"}],"about":[{"href":"https:\/\/diskfestaseeventos.com.br\/index.php\/wp-json\/wp\/v2\/types\/page"}],"author":[{"embeddable":true,"href":"https:\/\/diskfestaseeventos.com.br\/index.php\/wp-json\/wp\/v2\/users\/1"}],"replies":[{"embeddable":true,"href":"https:\/\/diskfestaseeventos.com.br\/index.php\/wp-json\/wp\/v2\/comments?post=797"}],"version-history":[{"count":39,"href":"https:\/\/diskfestaseeventos.com.br\/index.php\/wp-json\/wp\/v2\/pages\/797\/revisions"}],"predecessor-version":[{"id":1286,"href":"https:\/\/diskfestaseeventos.com.br\/index.php\/wp-json\/wp\/v2\/pages\/797\/revisions\/1286"}],"wp:attachment":[{"href":"https:\/\/diskfestaseeventos.com.br\/index.php\/wp-json\/wp\/v2\/media?parent=797"}],"curies":[{"name":"wp","href":"https:\/\/api.w.org\/{rel}","templated":true}]}}